{"id":225,"date":"2024-09-02T15:42:44","date_gmt":"2024-09-02T13:42:44","guid":{"rendered":"https:\/\/elka.hr\/?page_id=225"},"modified":"2024-10-10T14:23:12","modified_gmt":"2024-10-10T12:23:12","slug":"karijera","status":"publish","type":"page","link":"https:\/\/elka.hr\/hr\/karijera\/","title":{"rendered":"Karijera"},"content":{"rendered":"\n<div class=\"wp-block-cover alignfull hero-section\" style=\"min-height:635px;aspect-ratio:unset;\"><span aria-hidden=\"true\" class=\"wp-block-cover__background has-background-dim-0 has-background-dim\" style=\"background-color:#64575d\"><\/span><img loading=\"lazy\" decoding=\"async\" width=\"2560\" height=\"1183\" class=\"wp-block-cover__image-background wp-image-1486\" alt=\"\" src=\"https:\/\/elka.hr\/wp-content\/uploads\/2024\/09\/ELKA_page_header-scaled.jpeg\" data-object-fit=\"cover\" srcset=\"https:\/\/elka.hr\/wp-content\/uploads\/2024\/09\/ELKA_page_header-scaled.jpeg 2560w, https:\/\/elka.hr\/wp-content\/uploads\/2024\/09\/ELKA_page_header-300x139.jpeg 300w, https:\/\/elka.hr\/wp-content\/uploads\/2024\/09\/ELKA_page_header-1024x473.jpeg 1024w, https:\/\/elka.hr\/wp-content\/uploads\/2024\/09\/ELKA_page_header-768x355.jpeg 768w, https:\/\/elka.hr\/wp-content\/uploads\/2024\/09\/ELKA_page_header-1536x710.jpeg 1536w, https:\/\/elka.hr\/wp-content\/uploads\/2024\/09\/ELKA_page_header-2048x947.jpeg 2048w\" sizes=\"auto, (max-width: 2560px) 100vw, 2560px\" \/><div class=\"wp-block-cover__inner-container is-layout-flow wp-block-cover-is-layout-flow\">\n<h1 class=\"wp-block-heading h2\"><strong>Postani dio ELKINOG tima<\/strong><\/h1>\n<\/div><\/div>\n\n\n\n<div class=\"wp-block-columns mb-0 pt-6rem is-layout-flex wp-container-core-columns-is-layout-9d6595d7 wp-block-columns-is-layout-flex\" data-aos=\"zoom-in\">\n<div class=\"wp-block-column d-flex justify-content-center is-layout-flow wp-block-column-is-layout-flow\">\n<div class=\"wp-block-group col-12 col-md-8\"><div class=\"wp-block-group__inner-container is-layout-constrained wp-block-group-is-layout-constrained\">\n<p class=\"color-grey-light\"><\/p>\n\n\n\n<h3 class=\"wp-block-heading color-grey\"><strong>Trend zapo\u0161ljavanja mladih, visokoobrazovanih zaposlenika je prisutan u ELKI godinama, a to \u0107e se nastaviti i u budu\u0107nosti.<\/strong><br><br><\/h3>\n\n\n\n<p class=\"color-grey-light\">ELKA, kao dio Iskra grupacije, kontinuirano ula\u017ee u rast i razvoj svojih proizvodnih kapaciteta. Kroz investicijske cikluse posljednje tri godine, ulo\u017eili smo preko 25 milijuna eura u nove proizvodne linije koje \u0107e optimizirati na\u0161 proizvodni proces i unaprijediti kvalitetu. Na\u0161 cilj je osigurati lidersku poziciju na tr\u017ei\u0161tu te postati vode\u0107i proizvo\u0111a\u010d kabela u regiji.<br><br><\/p>\n\n\n\n<p class=\"color-grey-light mb-0\">Kako bismo ostvarili ovaj cilj, tra\u017eimo visoko motivirane i stru\u010dne pojedince koji \u0107e postati klju\u010dni \u010dlanovi na\u0161eg tima. Pridru\u017eite se kompaniji koja kontinuirano raste, ula\u017ee u najmodernije tehnologije i pru\u017ea svojim zaposlenicima prilike za profesionalni razvoj i napredak.<\/p>\n<\/div><\/div>\n<\/div>\n<\/div>\n\n\n\n<hr class=\"wp-block-separator has-alpha-channel-opacity\"\/>\n\n\n\n<div class=\"wp-block-columns is-layout-flex wp-container-core-columns-is-layout-9d6595d7 wp-block-columns-is-layout-flex\">\n<div class=\"wp-block-column is-layout-flow wp-block-column-is-layout-flow\">\n<h3 class=\"wp-block-heading has-text-align-center color-grey mb-4\"><strong>Trenutni natje\u010daji<\/strong><\/h3>\n\n\n            <div class=\"col-12 bg-grey border-1rem p-md-5 p-4 mb-3 mb-md-4\" data-aos=\"zoom-in\">\n            <div class=\"job-single\">\n                <div>\n                    <div class=\"text-center\">\n                        <h5 class=\"mb-2 color-dark-grey\"><strong>Operater na proizvodnim linijama (m\/\u017e)<\/strong><\/h5>\n                    <\/div>\n                    <div class=\"text-center\">\n                        <p class=\"mb-3 pb-2 color-grey-light\">03.03.2026<\/p>\n                    <\/div>\n                    <div class=\"text-center\">\n                        <a href=\"https:\/\/elka.hr\/hr\/natjecaji\/operater-na-proizvodnim-linijama-m-z\/\" class=\"btn-style sent-data-to-contact\">\n                            Saznaj vi\u0161e                        <\/a>\n                    <\/div>\n                <\/div>\n            <\/div>\n        <\/div>\n    \n<\/div>\n<\/div>\n\n\n\n<hr class=\"wp-block-separator has-alpha-channel-opacity\"\/>\n\n\n\n<div class=\"wp-block-columns mb-6rem bg-red border-1rem p-md-5 p-4 is-layout-flex wp-container-core-columns-is-layout-9d6595d7 wp-block-columns-is-layout-flex\" data-aos=\"zoom-in\">\n<div class=\"wp-block-column is-layout-flow wp-block-column-is-layout-flow\">\n<div class=\"wp-block-group group-history-contact\"><div class=\"wp-block-group__inner-container is-layout-constrained wp-block-group-is-layout-constrained\">\n<h5 class=\"wp-block-heading has-text-align-center color-white mb-0\"><strong>Ukoliko \u017eelite postati dio ELKA tima, po\u0161aljite otvorenu molbu na:<\/strong><\/h5>\n\n\n\n<h5 class=\"wp-block-heading has-text-align-center color-white mb-0\"><a href=\"mailto:hr@elka.hr\">hr@elka.hr<\/a><\/h5>\n<\/div><\/div>\n<\/div>\n<\/div>\n\n\n\n<p><\/p>\n","protected":false},"excerpt":{"rendered":"<p>Trend zapo\u0161ljavanja mladih, visokoobrazovanih zaposlenika je prisutan u ELKI godinama, a to \u0107e se nastaviti i u budu\u0107nosti. ELKA, kao dio Iskra grupacije, kontinuirano ula\u017ee u rast i razvoj svojih proizvodnih kapaciteta. Kroz investicijske cikluse posljednje tri godine, ulo\u017eili smo preko 25 milijuna eura u nove proizvodne linije koje \u0107e optimizirati na\u0161 proizvodni proces i <\/p>\n<div class=\"btn-post\"><a class=\"btn-style d-flex align-items-center\" href=\"https:\/\/elka.hr\/hr\/karijera\/\"><i class=\"ms-4 gg-arrow-long-right\"><\/i><\/a><\/div>\n","protected":false},"author":1,"featured_media":0,"parent":0,"menu_order":0,"comment_status":"closed","ping_status":"closed","template":"page-templates\/basic.php","meta":{"footnotes":"[]"},"class_list":["post-225","page","type-page","status-publish","hentry"],"yoast_head":"<!-- This site is optimized with the Yoast SEO plugin v23.5 - https:\/\/yoast.com\/wordpress\/plugins\/seo\/ -->\n<title>Karijera - ELKA<\/title>\n<meta name=\"robots\" content=\"index, follow, max-snippet:-1, max-image-preview:large, max-video-preview:-1\" \/>\n<link rel=\"canonical\" href=\"https:\/\/elka.hr\/hr\/karijera\/\" \/>\n<meta property=\"og:locale\" content=\"hr_HR\" \/>\n<meta property=\"og:type\" content=\"article\" \/>\n<meta property=\"og:title\" content=\"Karijera - ELKA\" \/>\n<meta property=\"og:description\" content=\"Trend zapo\u0161ljavanja mladih, visokoobrazovanih zaposlenika je prisutan u ELKI godinama, a to \u0107e se nastaviti i u budu\u0107nosti. ELKA, kao dio Iskra grupacije, kontinuirano ula\u017ee u rast i razvoj svojih proizvodnih kapaciteta. Kroz investicijske cikluse posljednje tri godine, ulo\u017eili smo preko 25 milijuna eura u nove proizvodne linije koje \u0107e optimizirati na\u0161 proizvodni proces i\" \/>\n<meta property=\"og:url\" content=\"https:\/\/elka.hr\/hr\/karijera\/\" \/>\n<meta property=\"og:site_name\" content=\"Elka\" \/>\n<meta property=\"article:modified_time\" content=\"2024-10-10T12:23:12+00:00\" \/>\n<meta property=\"og:image\" content=\"https:\/\/elka.hr\/wp-content\/uploads\/2024\/09\/ELKA_page_header-scaled.jpeg\" \/>\n<meta name=\"twitter:card\" content=\"summary_large_image\" \/>\n<meta name=\"twitter:label1\" content=\"Procijenjeno vrijeme \u010ditanja\" \/>\n\t<meta name=\"twitter:data1\" content=\"1 minuta\" \/>\n<script type=\"application\/ld+json\" class=\"yoast-schema-graph\">{\"@context\":\"https:\/\/schema.org\",\"@graph\":[{\"@type\":\"WebPage\",\"@id\":\"https:\/\/elka.hr\/hr\/karijera\/\",\"url\":\"https:\/\/elka.hr\/hr\/karijera\/\",\"name\":\"Karijera - ELKA\",\"isPartOf\":{\"@id\":\"https:\/\/elka.hr\/hr\/#website\"},\"primaryImageOfPage\":{\"@id\":\"https:\/\/elka.hr\/hr\/karijera\/#primaryimage\"},\"image\":{\"@id\":\"https:\/\/elka.hr\/hr\/karijera\/#primaryimage\"},\"thumbnailUrl\":\"https:\/\/elka.hr\/wp-content\/uploads\/2024\/09\/ELKA_page_header-scaled.jpeg\",\"datePublished\":\"2024-09-02T13:42:44+00:00\",\"dateModified\":\"2024-10-10T12:23:12+00:00\",\"breadcrumb\":{\"@id\":\"https:\/\/elka.hr\/hr\/karijera\/#breadcrumb\"},\"inLanguage\":\"hr\",\"potentialAction\":[{\"@type\":\"ReadAction\",\"target\":[\"https:\/\/elka.hr\/hr\/karijera\/\"]}]},{\"@type\":\"ImageObject\",\"inLanguage\":\"hr\",\"@id\":\"https:\/\/elka.hr\/hr\/karijera\/#primaryimage\",\"url\":\"https:\/\/elka.hr\/wp-content\/uploads\/2024\/09\/ELKA_page_header-scaled.jpeg\",\"contentUrl\":\"https:\/\/elka.hr\/wp-content\/uploads\/2024\/09\/ELKA_page_header-scaled.jpeg\"},{\"@type\":\"BreadcrumbList\",\"@id\":\"https:\/\/elka.hr\/hr\/karijera\/#breadcrumb\",\"itemListElement\":[{\"@type\":\"ListItem\",\"position\":1,\"name\":\"Po\u010detna stranica\",\"item\":\"https:\/\/elka.hr\/hr\/\"},{\"@type\":\"ListItem\",\"position\":2,\"name\":\"Karijera\"}]},{\"@type\":\"WebSite\",\"@id\":\"https:\/\/elka.hr\/hr\/#website\",\"url\":\"https:\/\/elka.hr\/hr\/\",\"name\":\"Elka\",\"description\":\"\",\"potentialAction\":[{\"@type\":\"SearchAction\",\"target\":{\"@type\":\"EntryPoint\",\"urlTemplate\":\"https:\/\/elka.hr\/hr\/?s={search_term_string}\"},\"query-input\":{\"@type\":\"PropertyValueSpecification\",\"valueRequired\":true,\"valueName\":\"search_term_string\"}}],\"inLanguage\":\"hr\"}]}<\/script>\n<!-- \/ Yoast SEO plugin. -->","yoast_head_json":{"title":"Karijera - ELKA","robots":{"index":"index","follow":"follow","max-snippet":"max-snippet:-1","max-image-preview":"max-image-preview:large","max-video-preview":"max-video-preview:-1"},"canonical":"https:\/\/elka.hr\/hr\/karijera\/","og_locale":"hr_HR","og_type":"article","og_title":"Karijera - ELKA","og_description":"Trend zapo\u0161ljavanja mladih, visokoobrazovanih zaposlenika je prisutan u ELKI godinama, a to \u0107e se nastaviti i u budu\u0107nosti. ELKA, kao dio Iskra grupacije, kontinuirano ula\u017ee u rast i razvoj svojih proizvodnih kapaciteta. Kroz investicijske cikluse posljednje tri godine, ulo\u017eili smo preko 25 milijuna eura u nove proizvodne linije koje \u0107e optimizirati na\u0161 proizvodni proces i","og_url":"https:\/\/elka.hr\/hr\/karijera\/","og_site_name":"Elka","article_modified_time":"2024-10-10T12:23:12+00:00","og_image":[{"url":"https:\/\/elka.hr\/wp-content\/uploads\/2024\/09\/ELKA_page_header-scaled.jpeg"}],"twitter_card":"summary_large_image","twitter_misc":{"Procijenjeno vrijeme \u010ditanja":"1 minuta"},"schema":{"@context":"https:\/\/schema.org","@graph":[{"@type":"WebPage","@id":"https:\/\/elka.hr\/hr\/karijera\/","url":"https:\/\/elka.hr\/hr\/karijera\/","name":"Karijera - ELKA","isPartOf":{"@id":"https:\/\/elka.hr\/hr\/#website"},"primaryImageOfPage":{"@id":"https:\/\/elka.hr\/hr\/karijera\/#primaryimage"},"image":{"@id":"https:\/\/elka.hr\/hr\/karijera\/#primaryimage"},"thumbnailUrl":"https:\/\/elka.hr\/wp-content\/uploads\/2024\/09\/ELKA_page_header-scaled.jpeg","datePublished":"2024-09-02T13:42:44+00:00","dateModified":"2024-10-10T12:23:12+00:00","breadcrumb":{"@id":"https:\/\/elka.hr\/hr\/karijera\/#breadcrumb"},"inLanguage":"hr","potentialAction":[{"@type":"ReadAction","target":["https:\/\/elka.hr\/hr\/karijera\/"]}]},{"@type":"ImageObject","inLanguage":"hr","@id":"https:\/\/elka.hr\/hr\/karijera\/#primaryimage","url":"https:\/\/elka.hr\/wp-content\/uploads\/2024\/09\/ELKA_page_header-scaled.jpeg","contentUrl":"https:\/\/elka.hr\/wp-content\/uploads\/2024\/09\/ELKA_page_header-scaled.jpeg"},{"@type":"BreadcrumbList","@id":"https:\/\/elka.hr\/hr\/karijera\/#breadcrumb","itemListElement":[{"@type":"ListItem","position":1,"name":"Po\u010detna stranica","item":"https:\/\/elka.hr\/hr\/"},{"@type":"ListItem","position":2,"name":"Karijera"}]},{"@type":"WebSite","@id":"https:\/\/elka.hr\/hr\/#website","url":"https:\/\/elka.hr\/hr\/","name":"Elka","description":"","potentialAction":[{"@type":"SearchAction","target":{"@type":"EntryPoint","urlTemplate":"https:\/\/elka.hr\/hr\/?s={search_term_string}"},"query-input":{"@type":"PropertyValueSpecification","valueRequired":true,"valueName":"search_term_string"}}],"inLanguage":"hr"}]}},"_links":{"self":[{"href":"https:\/\/elka.hr\/hr\/wp-json\/wp\/v2\/pages\/225","targetHints":{"allow":["GET"]}}],"collection":[{"href":"https:\/\/elka.hr\/hr\/wp-json\/wp\/v2\/pages"}],"about":[{"href":"https:\/\/elka.hr\/hr\/wp-json\/wp\/v2\/types\/page"}],"author":[{"embeddable":true,"href":"https:\/\/elka.hr\/hr\/wp-json\/wp\/v2\/users\/1"}],"replies":[{"embeddable":true,"href":"https:\/\/elka.hr\/hr\/wp-json\/wp\/v2\/comments?post=225"}],"version-history":[{"count":46,"href":"https:\/\/elka.hr\/hr\/wp-json\/wp\/v2\/pages\/225\/revisions"}],"predecessor-version":[{"id":1576,"href":"https:\/\/elka.hr\/hr\/wp-json\/wp\/v2\/pages\/225\/revisions\/1576"}],"wp:attachment":[{"href":"https:\/\/elka.hr\/hr\/wp-json\/wp\/v2\/media?parent=225"}],"curies":[{"name":"wp","href":"https:\/\/api.w.org\/{rel}","templated":true}]}}