{"id":184,"date":"2024-08-29T12:14:41","date_gmt":"2024-08-29T10:14:41","guid":{"rendered":"https:\/\/elka.hr\/?page_id=184"},"modified":"2025-12-24T10:50:36","modified_gmt":"2025-12-24T09:50:36","slug":"o-nama","status":"publish","type":"page","link":"https:\/\/elka.hr\/hr\/o-nama\/","title":{"rendered":"O nama"},"content":{"rendered":"\n<div class=\"wp-block-cover alignfull hero-section\" style=\"min-height:635px;aspect-ratio:unset;\"><img loading=\"lazy\" decoding=\"async\" width=\"2560\" height=\"1183\" class=\"wp-block-cover__image-background wp-image-1486\" alt=\"\" src=\"https:\/\/elka.hr\/wp-content\/uploads\/2024\/09\/ELKA_page_header-scaled.jpeg\" data-object-fit=\"cover\" srcset=\"https:\/\/elka.hr\/wp-content\/uploads\/2024\/09\/ELKA_page_header-scaled.jpeg 2560w, https:\/\/elka.hr\/wp-content\/uploads\/2024\/09\/ELKA_page_header-300x139.jpeg 300w, https:\/\/elka.hr\/wp-content\/uploads\/2024\/09\/ELKA_page_header-1024x473.jpeg 1024w, https:\/\/elka.hr\/wp-content\/uploads\/2024\/09\/ELKA_page_header-768x355.jpeg 768w, https:\/\/elka.hr\/wp-content\/uploads\/2024\/09\/ELKA_page_header-1536x710.jpeg 1536w, https:\/\/elka.hr\/wp-content\/uploads\/2024\/09\/ELKA_page_header-2048x947.jpeg 2048w\" sizes=\"auto, (max-width: 2560px) 100vw, 2560px\" \/><span aria-hidden=\"true\" class=\"wp-block-cover__background has-background-dim-0 has-background-dim\" style=\"background-color:#343c3e\"><\/span><div class=\"wp-block-cover__inner-container is-layout-flow wp-block-cover-is-layout-flow\">\n<h1 class=\"wp-block-heading\">O nama<\/h1>\n\n\n\n<h2 class=\"wp-block-heading\"><strong>Tko je ELKA?<\/strong><\/h2>\n<\/div><\/div>\n\n\n\n<div class=\"wp-block-columns mb-0 py-6rem is-layout-flex wp-container-core-columns-is-layout-9d6595d7 wp-block-columns-is-layout-flex\">\n<div class=\"wp-block-column is-layout-flow wp-block-column-is-layout-flow\">\n<figure class=\"wp-block-image size-full is-style-rounded\"><img loading=\"lazy\" decoding=\"async\" width=\"2560\" height=\"1920\" src=\"https:\/\/elka.hr\/wp-content\/uploads\/2024\/09\/ELKA_uprava-scaled.jpg\" alt=\"\" class=\"wp-image-692\" srcset=\"https:\/\/elka.hr\/wp-content\/uploads\/2024\/09\/ELKA_uprava-scaled.jpg 2560w, https:\/\/elka.hr\/wp-content\/uploads\/2024\/09\/ELKA_uprava-300x225.jpg 300w, https:\/\/elka.hr\/wp-content\/uploads\/2024\/09\/ELKA_uprava-1024x768.jpg 1024w, https:\/\/elka.hr\/wp-content\/uploads\/2024\/09\/ELKA_uprava-768x576.jpg 768w, https:\/\/elka.hr\/wp-content\/uploads\/2024\/09\/ELKA_uprava-1536x1152.jpg 1536w, https:\/\/elka.hr\/wp-content\/uploads\/2024\/09\/ELKA_uprava-2048x1536.jpg 2048w\" sizes=\"auto, (max-width: 2560px) 100vw, 2560px\" \/><\/figure>\n<\/div>\n\n\n\n<div class=\"wp-block-column d-flex align-items-center is-layout-flow wp-block-column-is-layout-flow\" data-aos=\"zoom-in-left\">\n<div class=\"wp-block-group mx-md-5\"><div class=\"wp-block-group__inner-container is-layout-constrained wp-block-group-is-layout-constrained\">\n<h3 class=\"wp-block-heading color-grey\"><strong>Vode\u0107i je proizvo\u0111a\u010d elektri\u010dnih kabela u ovom dijelu Europe<\/strong><\/h3>\n\n\n\n<p class=\"color-grey-light\">ELKA, osnovana u Zagrebu 1927., s vi\u0161e od 98 godina rada, postala je sinonim za tradiciju, ugled, kvalitetu i stru\u010dnost.<br><\/p>\n\n\n\n<p class=\"color-grey-light\">Na\u0161 veliki uspjeh u prilago\u0111avanju zahtjevima tr\u017ei\u0161ta i kupaca temelji se na istra\u017eivanju, razvoju i ulaganju u nove kapacitete i modernizaciju infrastruktura. Ponosni smo \u0161to smo prvi u svijetu stekli VDE certifikat za visoki napon do 150 kV.<br><\/p>\n\n\n\n<p class=\"color-grey-light\">Uz anga\u017eman iskusnih stru\u010dnjaka, uspje\u0161no plasiramo na\u0161e proizvode kako na doma\u0107em, tako i na me\u0111unarodnom tr\u017ei\u0161tu. Sudjelujemo na presti\u017enim svjetskim sajmovima i gradimo uspje\u0161ne partnerske odnose, \u0161to dodatno potvr\u0111uje na\u0161u predanost kvaliteti i inovaciji.<br><\/p>\n\n\n\n<p class=\"color-grey-light\">Od osnovne proizvodnje vodova i kabela ELKA je pro\u0161irivala djelokrug rada prema proizvodnji novih tipova kabela, a osobito se profilirala u smjeru energetskih kabela naponskog nivoa do 132kV.<\/p>\n<\/div><\/div>\n<\/div>\n<\/div>\n\n\n\n<div class=\"wp-block-columns mb-0 pb-6rem reverse-column is-layout-flex wp-container-core-columns-is-layout-9d6595d7 wp-block-columns-is-layout-flex\">\n<div class=\"wp-block-column d-flex align-items-center is-layout-flow wp-block-column-is-layout-flow\" data-aos=\"zoom-in-right\">\n<div class=\"wp-block-group mx-md-5\"><div class=\"wp-block-group__inner-container is-layout-constrained wp-block-group-is-layout-constrained\">\n<h3 class=\"wp-block-heading color-grey\"><strong>Dio je ISKRA grupe, s 252 zaposlenih<\/strong><\/h3>\n\n\n\n<p class=\"color-grey-light\">U srpnju 2021., nakon odobrenja regulatornih tijela u Hrvatskoj i Sloveniji za za\u0161titu tr\u017ei\u0161nog natjecanja, uspje\u0161no je okon\u010dana transakcija preuzimanja, pa je tako ELKA postala dijelom ISKRA grupe. Time je zapo\u010deo novi ciklus kontinuiranih investicija, razvoja i rasta.<br><\/p>\n\n\n\n<p class=\"color-grey-light\">Danas ELKA ima 252 zaposlenih, s godi\u0161njim kapacitetima koji omogu\u0107uju proizvodnju 25.000 tona gotovih proizvoda.<\/p>\n<\/div><\/div>\n<\/div>\n\n\n\n<div class=\"wp-block-column is-layout-flow wp-block-column-is-layout-flow\">\n<figure class=\"wp-block-image size-full is-style-rounded\"><img loading=\"lazy\" decoding=\"async\" width=\"2560\" height=\"1920\" src=\"https:\/\/elka.hr\/wp-content\/uploads\/2024\/09\/ELKA_prolaz-scaled.jpg\" alt=\"\" class=\"wp-image-697\" srcset=\"https:\/\/elka.hr\/wp-content\/uploads\/2024\/09\/ELKA_prolaz-scaled.jpg 2560w, https:\/\/elka.hr\/wp-content\/uploads\/2024\/09\/ELKA_prolaz-300x225.jpg 300w, https:\/\/elka.hr\/wp-content\/uploads\/2024\/09\/ELKA_prolaz-1024x768.jpg 1024w, https:\/\/elka.hr\/wp-content\/uploads\/2024\/09\/ELKA_prolaz-768x576.jpg 768w, https:\/\/elka.hr\/wp-content\/uploads\/2024\/09\/ELKA_prolaz-1536x1152.jpg 1536w, https:\/\/elka.hr\/wp-content\/uploads\/2024\/09\/ELKA_prolaz-2048x1536.jpg 2048w\" sizes=\"auto, (max-width: 2560px) 100vw, 2560px\" \/><\/figure>\n<\/div>\n<\/div>\n\n\n\n<div class=\"wp-block-columns mb-0 p-4 p-md-5 bg-grey border-1rem is-layout-flex wp-container-core-columns-is-layout-9d6595d7 wp-block-columns-is-layout-flex\" data-aos=\"zoom-in\">\n<div class=\"wp-block-column is-layout-flow wp-block-column-is-layout-flow\">\n<div class=\"wp-block-group group-history-contact\"><div class=\"wp-block-group__inner-container is-layout-constrained wp-block-group-is-layout-constrained\">\n<h5 class=\"wp-block-heading has-text-align-center color-grey-light mb-4\"><strong>Obratite nam se s povjerenjem, na\u0161i stru\u010dnjaci rado \u0107e Vam dati odgovor na svako Va\u0161e pitanje.<\/strong><\/h5>\n\n\n\n<div class=\"wp-block-buttons is-content-justification-center is-layout-flex wp-container-core-buttons-is-layout-16018d1d wp-block-buttons-is-layout-flex\">\n<div class=\"wp-block-button\"><a class=\"wp-block-button__link wp-element-button\" href=\"https:\/\/elka.hr\/kontakt\/\">Kontaktirajte nas<\/a><\/div>\n<\/div>\n<\/div><\/div>\n<\/div>\n<\/div>\n\n\n\n<h2 class=\"wp-block-heading has-text-align-center color-grey mb-md-5 mb-3 pt-6rem\">Uprava<\/h2>\n\n\n\n<div class=\"wp-block-columns mb-0 pb-6rem uprava-block is-layout-flex wp-container-core-columns-is-layout-9d6595d7 wp-block-columns-is-layout-flex\" data-aos=\"zoom-in\">\n<div class=\"wp-block-column is-layout-flow wp-block-column-is-layout-flow\"><div class=\"wp-block-image is-style-rounded\">\n<figure class=\"aligncenter size-full is-resized\"><img loading=\"lazy\" decoding=\"async\" width=\"1707\" height=\"2560\" src=\"https:\/\/elka.hr\/wp-content\/uploads\/2024\/11\/Marko-Cepek_1-scaled.jpg\" alt=\"\" class=\"wp-image-2016\" style=\"width:173px;height:auto\" srcset=\"https:\/\/elka.hr\/wp-content\/uploads\/2024\/11\/Marko-Cepek_1-scaled.jpg 1707w, https:\/\/elka.hr\/wp-content\/uploads\/2024\/11\/Marko-Cepek_1-200x300.jpg 200w, https:\/\/elka.hr\/wp-content\/uploads\/2024\/11\/Marko-Cepek_1-683x1024.jpg 683w, https:\/\/elka.hr\/wp-content\/uploads\/2024\/11\/Marko-Cepek_1-768x1152.jpg 768w, https:\/\/elka.hr\/wp-content\/uploads\/2024\/11\/Marko-Cepek_1-1024x1536.jpg 1024w, https:\/\/elka.hr\/wp-content\/uploads\/2024\/11\/Marko-Cepek_1-1365x2048.jpg 1365w\" sizes=\"auto, (max-width: 1707px) 100vw, 1707px\" \/><\/figure>\n<\/div>\n\n\n<p class=\"has-text-align-center color-red my-2\"><strong>MARKO \u010cEPEK<\/strong><\/p>\n\n\n\n<p class=\"has-text-align-center sm-body color-grey-light\">\u010clan uprave, Tehni\u010dki direktor i direktor proizvodnje<\/p>\n<\/div>\n\n\n\n<div class=\"wp-block-column is-layout-flow wp-block-column-is-layout-flow\"><div class=\"wp-block-image is-style-rounded\">\n<figure class=\"aligncenter size-full is-resized\"><img loading=\"lazy\" decoding=\"async\" width=\"345\" height=\"461\" src=\"https:\/\/elka.hr\/wp-content\/uploads\/2024\/09\/Matija_Sesok_resized-1.png\" alt=\"\" class=\"wp-image-871\" style=\"width:191px;height:auto\" srcset=\"https:\/\/elka.hr\/wp-content\/uploads\/2024\/09\/Matija_Sesok_resized-1.png 345w, https:\/\/elka.hr\/wp-content\/uploads\/2024\/09\/Matija_Sesok_resized-1-225x300.png 225w\" sizes=\"auto, (max-width: 345px) 100vw, 345px\" \/><\/figure>\n<\/div>\n\n\n<p class=\"has-text-align-center color-red my-2\"><strong>MATIJA \u0160E\u0160OK<\/strong><\/p>\n\n\n\n<p class=\"has-text-align-center sm-body color-grey-light\">Predsjednik uprave<\/p>\n<\/div>\n\n\n\n<div class=\"wp-block-column is-layout-flow wp-block-column-is-layout-flow\"><div class=\"wp-block-image is-style-rounded\">\n<figure class=\"aligncenter size-large is-resized\"><img decoding=\"async\" src=\"\/wp-content\/uploads\/2024\/09\/IMG-20240923-WA0000.jpg\" alt=\"\" style=\"width:181px;height:auto\"\/><\/figure>\n<\/div>\n\n\n<p class=\"has-text-align-center color-red my-2\"><strong>OLIVERA MATI\u0106<\/strong><\/p>\n\n\n\n<p class=\"has-text-align-center sm-body color-grey-light\">\u010clanica uprave i Direktorica prodaje<\/p>\n<\/div>\n<\/div>\n\n\n\n<p><\/p>\n\n\n\n<p><\/p>\n","protected":false},"excerpt":{"rendered":"<p>Vode\u0107i je proizvo\u0111a\u010d elektri\u010dnih kabela u ovom dijelu Europe ELKA, osnovana u Zagrebu 1927., s vi\u0161e od 98 godina rada, postala je sinonim za tradiciju, ugled, kvalitetu i stru\u010dnost. Na\u0161 veliki uspjeh u prilago\u0111avanju zahtjevima tr\u017ei\u0161ta i kupaca temelji se na istra\u017eivanju, razvoju i ulaganju u nove kapacitete i modernizaciju infrastruktura. Ponosni smo \u0161to smo <\/p>\n<div class=\"btn-post\"><a class=\"btn-style d-flex align-items-center\" href=\"https:\/\/elka.hr\/hr\/o-nama\/\"><i class=\"ms-4 gg-arrow-long-right\"><\/i><\/a><\/div>\n","protected":false},"author":1,"featured_media":0,"parent":0,"menu_order":0,"comment_status":"closed","ping_status":"closed","template":"page-templates\/basic.php","meta":{"footnotes":""},"class_list":["post-184","page","type-page","status-publish","hentry"],"yoast_head":"<!-- This site is optimized with the Yoast SEO plugin v23.5 - https:\/\/yoast.com\/wordpress\/plugins\/seo\/ -->\n<title>O nama - Elka<\/title>\n<meta name=\"description\" content=\"Elka d.o.o. je sinonim za inovaciju u proizvodnji kabela. Dio je ISKRA grupe, poznati po kvaliteti i stru\u010dnosti na globalnom tr\u017ei\u0161tu.\" \/>\n<meta name=\"robots\" content=\"index, follow, max-snippet:-1, max-image-preview:large, max-video-preview:-1\" \/>\n<link rel=\"canonical\" href=\"https:\/\/elka.hr\/hr\/o-nama\/\" \/>\n<meta property=\"og:locale\" content=\"hr_HR\" \/>\n<meta property=\"og:type\" content=\"article\" \/>\n<meta property=\"og:title\" content=\"O nama - Elka\" \/>\n<meta property=\"og:description\" content=\"Elka d.o.o. je sinonim za inovaciju u proizvodnji kabela. Dio je ISKRA grupe, poznati po kvaliteti i stru\u010dnosti na globalnom tr\u017ei\u0161tu.\" \/>\n<meta property=\"og:url\" content=\"https:\/\/elka.hr\/hr\/o-nama\/\" \/>\n<meta property=\"og:site_name\" content=\"Elka\" \/>\n<meta property=\"article:modified_time\" content=\"2025-12-24T09:50:36+00:00\" \/>\n<meta property=\"og:image\" content=\"https:\/\/elka.hr\/wp-content\/uploads\/2024\/09\/ELKA_page_header-scaled.jpeg\" \/>\n<meta name=\"twitter:card\" content=\"summary_large_image\" \/>\n<meta name=\"twitter:label1\" content=\"Procijenjeno vrijeme \u010ditanja\" \/>\n\t<meta name=\"twitter:data1\" content=\"3 minute\" \/>\n<script type=\"application\/ld+json\" class=\"yoast-schema-graph\">{\"@context\":\"https:\/\/schema.org\",\"@graph\":[{\"@type\":\"WebPage\",\"@id\":\"https:\/\/elka.hr\/hr\/o-nama\/\",\"url\":\"https:\/\/elka.hr\/hr\/o-nama\/\",\"name\":\"O nama - Elka\",\"isPartOf\":{\"@id\":\"https:\/\/elka.hr\/hr\/#website\"},\"primaryImageOfPage\":{\"@id\":\"https:\/\/elka.hr\/hr\/o-nama\/#primaryimage\"},\"image\":{\"@id\":\"https:\/\/elka.hr\/hr\/o-nama\/#primaryimage\"},\"thumbnailUrl\":\"https:\/\/elka.hr\/wp-content\/uploads\/2024\/09\/ELKA_page_header-scaled.jpeg\",\"datePublished\":\"2024-08-29T10:14:41+00:00\",\"dateModified\":\"2025-12-24T09:50:36+00:00\",\"description\":\"Elka d.o.o. je sinonim za inovaciju u proizvodnji kabela. Dio je ISKRA grupe, poznati po kvaliteti i stru\u010dnosti na globalnom tr\u017ei\u0161tu.\",\"breadcrumb\":{\"@id\":\"https:\/\/elka.hr\/hr\/o-nama\/#breadcrumb\"},\"inLanguage\":\"hr\",\"potentialAction\":[{\"@type\":\"ReadAction\",\"target\":[\"https:\/\/elka.hr\/hr\/o-nama\/\"]}]},{\"@type\":\"ImageObject\",\"inLanguage\":\"hr\",\"@id\":\"https:\/\/elka.hr\/hr\/o-nama\/#primaryimage\",\"url\":\"https:\/\/elka.hr\/wp-content\/uploads\/2024\/09\/ELKA_page_header-scaled.jpeg\",\"contentUrl\":\"https:\/\/elka.hr\/wp-content\/uploads\/2024\/09\/ELKA_page_header-scaled.jpeg\"},{\"@type\":\"BreadcrumbList\",\"@id\":\"https:\/\/elka.hr\/hr\/o-nama\/#breadcrumb\",\"itemListElement\":[{\"@type\":\"ListItem\",\"position\":1,\"name\":\"Po\u010detna stranica\",\"item\":\"https:\/\/elka.hr\/hr\/\"},{\"@type\":\"ListItem\",\"position\":2,\"name\":\"O nama\"}]},{\"@type\":\"WebSite\",\"@id\":\"https:\/\/elka.hr\/hr\/#website\",\"url\":\"https:\/\/elka.hr\/hr\/\",\"name\":\"Elka\",\"description\":\"\",\"potentialAction\":[{\"@type\":\"SearchAction\",\"target\":{\"@type\":\"EntryPoint\",\"urlTemplate\":\"https:\/\/elka.hr\/hr\/?s={search_term_string}\"},\"query-input\":{\"@type\":\"PropertyValueSpecification\",\"valueRequired\":true,\"valueName\":\"search_term_string\"}}],\"inLanguage\":\"hr\"}]}<\/script>\n<!-- \/ Yoast SEO plugin. -->","yoast_head_json":{"title":"O nama - Elka","description":"Elka d.o.o. je sinonim za inovaciju u proizvodnji kabela. Dio je ISKRA grupe, poznati po kvaliteti i stru\u010dnosti na globalnom tr\u017ei\u0161tu.","robots":{"index":"index","follow":"follow","max-snippet":"max-snippet:-1","max-image-preview":"max-image-preview:large","max-video-preview":"max-video-preview:-1"},"canonical":"https:\/\/elka.hr\/hr\/o-nama\/","og_locale":"hr_HR","og_type":"article","og_title":"O nama - Elka","og_description":"Elka d.o.o. je sinonim za inovaciju u proizvodnji kabela. Dio je ISKRA grupe, poznati po kvaliteti i stru\u010dnosti na globalnom tr\u017ei\u0161tu.","og_url":"https:\/\/elka.hr\/hr\/o-nama\/","og_site_name":"Elka","article_modified_time":"2025-12-24T09:50:36+00:00","og_image":[{"url":"https:\/\/elka.hr\/wp-content\/uploads\/2024\/09\/ELKA_page_header-scaled.jpeg"}],"twitter_card":"summary_large_image","twitter_misc":{"Procijenjeno vrijeme \u010ditanja":"3 minute"},"schema":{"@context":"https:\/\/schema.org","@graph":[{"@type":"WebPage","@id":"https:\/\/elka.hr\/hr\/o-nama\/","url":"https:\/\/elka.hr\/hr\/o-nama\/","name":"O nama - Elka","isPartOf":{"@id":"https:\/\/elka.hr\/hr\/#website"},"primaryImageOfPage":{"@id":"https:\/\/elka.hr\/hr\/o-nama\/#primaryimage"},"image":{"@id":"https:\/\/elka.hr\/hr\/o-nama\/#primaryimage"},"thumbnailUrl":"https:\/\/elka.hr\/wp-content\/uploads\/2024\/09\/ELKA_page_header-scaled.jpeg","datePublished":"2024-08-29T10:14:41+00:00","dateModified":"2025-12-24T09:50:36+00:00","description":"Elka d.o.o. je sinonim za inovaciju u proizvodnji kabela. Dio je ISKRA grupe, poznati po kvaliteti i stru\u010dnosti na globalnom tr\u017ei\u0161tu.","breadcrumb":{"@id":"https:\/\/elka.hr\/hr\/o-nama\/#breadcrumb"},"inLanguage":"hr","potentialAction":[{"@type":"ReadAction","target":["https:\/\/elka.hr\/hr\/o-nama\/"]}]},{"@type":"ImageObject","inLanguage":"hr","@id":"https:\/\/elka.hr\/hr\/o-nama\/#primaryimage","url":"https:\/\/elka.hr\/wp-content\/uploads\/2024\/09\/ELKA_page_header-scaled.jpeg","contentUrl":"https:\/\/elka.hr\/wp-content\/uploads\/2024\/09\/ELKA_page_header-scaled.jpeg"},{"@type":"BreadcrumbList","@id":"https:\/\/elka.hr\/hr\/o-nama\/#breadcrumb","itemListElement":[{"@type":"ListItem","position":1,"name":"Po\u010detna stranica","item":"https:\/\/elka.hr\/hr\/"},{"@type":"ListItem","position":2,"name":"O nama"}]},{"@type":"WebSite","@id":"https:\/\/elka.hr\/hr\/#website","url":"https:\/\/elka.hr\/hr\/","name":"Elka","description":"","potentialAction":[{"@type":"SearchAction","target":{"@type":"EntryPoint","urlTemplate":"https:\/\/elka.hr\/hr\/?s={search_term_string}"},"query-input":{"@type":"PropertyValueSpecification","valueRequired":true,"valueName":"search_term_string"}}],"inLanguage":"hr"}]}},"_links":{"self":[{"href":"https:\/\/elka.hr\/hr\/wp-json\/wp\/v2\/pages\/184","targetHints":{"allow":["GET"]}}],"collection":[{"href":"https:\/\/elka.hr\/hr\/wp-json\/wp\/v2\/pages"}],"about":[{"href":"https:\/\/elka.hr\/hr\/wp-json\/wp\/v2\/types\/page"}],"author":[{"embeddable":true,"href":"https:\/\/elka.hr\/hr\/wp-json\/wp\/v2\/users\/1"}],"replies":[{"embeddable":true,"href":"https:\/\/elka.hr\/hr\/wp-json\/wp\/v2\/comments?post=184"}],"version-history":[{"count":77,"href":"https:\/\/elka.hr\/hr\/wp-json\/wp\/v2\/pages\/184\/revisions"}],"predecessor-version":[{"id":2466,"href":"https:\/\/elka.hr\/hr\/wp-json\/wp\/v2\/pages\/184\/revisions\/2466"}],"wp:attachment":[{"href":"https:\/\/elka.hr\/hr\/wp-json\/wp\/v2\/media?parent=184"}],"curies":[{"name":"wp","href":"https:\/\/api.w.org\/{rel}","templated":true}]}}