{"id":1751,"date":"2024-10-29T08:35:08","date_gmt":"2024-10-29T07:35:08","guid":{"rendered":"https:\/\/elka.hr\/sustainability\/"},"modified":"2025-04-29T14:07:54","modified_gmt":"2025-04-29T12:07:54","slug":"odrzivost","status":"publish","type":"page","link":"https:\/\/elka.hr\/hr\/odrzivost\/","title":{"rendered":"Odr\u017eivost"},"content":{"rendered":"\n<div style=\"height:50px\" aria-hidden=\"true\" class=\"wp-block-spacer\"><\/div>\n\n\n\n<h5 style=\"color: #ED1C24;\">ODR\u017dIVO POSLOVANJE<\/h5>\n\n\n\n<p><\/p>\n\n\n\n<p>Nastavljaju\u0107i tradiciju proizvodnje elektri\u010dnih kabela i vodi\u010da i nadalje odr\u017eavamo visoku kvalitetu na\u0161ih proizvoda i usluga, kako bi jo\u0161 vi\u0161e u\u010dvrstili svoj polo\u017eaj i ugled na tr\u017ei\u0161tu u zemlji i inozemstvu. U sredi\u0161tu na\u0161e pa\u017enje uvijek su na\u0161i zaposlenici te zahtjevi i \u017eelje kupaca koje nastojimo po konkurentnim cijenama u potpunosti ispuniti.<\/p>\n\n\n\n<p>Prepoznate rizike odr\u017eivosti smanjujemo ostvarenjem prilika za pobolj\u0161anjem u podru\u010dju razvoja novih proizvoda i tehnolo\u0161kih procesa, razvoja zaposlenika te promicanjem zadovoljstva kupca.<\/p>\n\n\n\n<div style=\"height:50px\" aria-hidden=\"true\" class=\"wp-block-spacer\"><\/div>\n\n\n\n<h5 style=\"color: #ED1C24;\">SUSTAV KVALITETE <\/h5>\n\n\n\n<p><\/p>\n\n\n\n<p>Posve\u0107enost isklju\u010divo najvi\u0161im standardima, pouzdanosti i povjerenju potvr\u0111uje integrirani sustav kvalitete:<\/p>\n\n\n\n<ul style=\"list-style-type: none; padding-left: 20px; margin-bottom: 20px;\">\n    <li><h6 class=\"wp-block-heading\"><strong>ISO 9001 | Sustav upravljanja kvalitetom<\/strong><\/h6><\/li>\n    <li>\n        <div style=\"display: flex; gap: 10px;\">\n            <a class=\"btn-style\" href=\"\/wp-content\/uploads\/2024\/10\/ELKA_SGS-ISO-9001_en.pdf\" target=\"_blank\" rel=\"noopener\">Preuzmi certifikat<\/a>\n            <a class=\"btn-style\" href=\"https:\/\/elka.hr\/wp-content\/uploads\/2025\/04\/ISO-9001_Politika-kvalitete.pdf\" target=\"_blank\" rel=\"noopener\">Politika kvalitete<\/a>\n        <\/div>\n    <\/li>\n<\/ul>\n\n\n\n\n<ul style=\"list-style-type: none; padding-left: 20px; margin-bottom: 20px;\">\n    <li><h6 class=\"wp-block-heading\"><strong>ISO 14001 | Sustav upravljanja okoli\u0161em<\/strong><\/h6><\/li>\n    <li>\n        <div style=\"display: flex; gap: 10px;\">\n            <a class=\"btn-style\" href=\"\/wp-content\/uploads\/2024\/10\/ELKA_SGS-ISO-14001_en.pdf\" target=\"_blank\" rel=\"noopener\">Preuzmi certifikat<\/a>\n            <a class=\"btn-style\" href=\"https:\/\/elka.hr\/wp-content\/uploads\/2025\/04\/ISO-14001_Politika-okolisa.pdf\" target=\"_blank\" rel=\"noopener\">Politika okoli\u0161a<\/a>\n        <\/div>\n    <\/li>\n<\/ul>\n\n\n\n\n<ul style=\"list-style-type: none; padding-left: 20px; margin-bottom: 20px;\">\n    <li><h6 class=\"wp-block-heading\"><strong>ISO 50001 | Sustav upravljanja energetskom u\u010dinkovito\u0161\u0107u<\/strong><\/h6><\/li>\n    <li>\n        <div style=\"display: flex; gap: 10px;\">\n            <a class=\"btn-style\" href=\"\/wp-content\/uploads\/2024\/10\/ELKA_SGS-ISO-50001_en.pdf\" target=\"_blank\" rel=\"noopener\">Preuzmi certifikat<\/a>\n            <a class=\"btn-style\" href=\"https:\/\/elka.hr\/wp-content\/uploads\/2025\/04\/ISO-50001_Politika-energetske-ucinkovitosti.pdf\" target=\"_blank\" rel=\"noopener\">Politika energetske u\u010dinkovitosti<\/a>\n        <\/div>\n    <\/li>\n<\/ul>\n\n\n\n\n<ul style=\"list-style-type: none; padding-left: 20px; margin-bottom: 20px;\">\n    <li><h6 class=\"wp-block-heading\"><strong>ISO 45001 | Sustav upravljanja zdravljem i sigurnosti na radu<\/strong><\/h6><\/li>\n    <li>\n        <div style=\"display: flex; gap: 10px;\">\n            <a class=\"btn-style\" href=\"\/wp-content\/uploads\/2024\/10\/ELKA_SGS-50001_en.pdf\" target=\"_blank\" rel=\"noopener\">Preuzmi certifikat<\/a>\n            <a class=\"btn-style\" href=\"https:\/\/elka.hr\/wp-content\/uploads\/2025\/04\/ISO-45001_Politika-OHS.pdf\" target=\"_blank\" rel=\"noopener\">Politika OHS<\/a>\n        <\/div>\n    <\/li>\n<\/ul>\n\n\n\n\n<p>Visoku kvalitetu proizvoda potvr\u0111ujemo u vlastitom razvojnom centru i ispitnom laboratoriju opremljenim najsuvremenijom tehnologijom i visokokvalificiranim osobljem.<\/p>\n\n\n\n<div style=\"height:50px\" aria-hidden=\"true\" class=\"wp-block-spacer\"><\/div>\n\n\n\n<h5 style=\"color: #ED1C24;\">BRIGA O OKOLI\u0160U <\/h5>\n\n\n\n<p><\/p>\n\n\n\n<p>Opredjeljuju\u0107i se za preventivni na\u010din postupanja, nastojimo smanjiti utjecaj na okoli\u0161 i to nadzorom svih aspekata okoli\u0161a u procesima proizvodnje i skladi\u0161tenja proizvoda kao i procjenom potencijalnih rizika, odnosno prepoznavanjem prilika za stalnim pobolj\u0161anjem.<\/p>\n\n\n\n<p>Odgovorno koristimo sve raspolo\u017eive resurse upotrebom ekolo\u0161ki prihvatljivih materijala, tehnologija, a otpadom gospodarimo na odr\u017eivi na\u010din unaprje\u0111uju\u0107i tehnologiju i poslovne procese. U potpunosti zadovoljavamo va\u017ee\u0107e zakonske odredbe, propise i zahtjeve.<\/p>\n\n\n\n<p>Cilj nam je pru\u017eiti poticajno radno okru\u017eenje za na\u0161e djelatnike, a istovremeno upravljati energetskom u\u010dinkovito\u0161\u0107u kroz stalna ulaganja u nove u\u010dinkovitije strojeve te projekte dobivanja elektri\u010dne energije iz obnovljivih izvora.<\/p>\n\n\n\n<p>Na taj na\u010din osiguravamo konkurentnost, dugoro\u010dan i stabilan razvoj kompanije \u010dime smo prepoznati i prihva\u0107eni kao odgovoran \u010dlan dru\u0161tvene zajednice.<\/p>\n\n\n\n<div style=\"height:50px\" aria-hidden=\"true\" class=\"wp-block-spacer\"><\/div>\n\n\n\n<h5 style=\"color: #ED1C24;\">ZDRAVLJE I SIGURNOST <\/h5>\n\n\n\n<p><\/p>\n\n\n\n<p>Obvezali smo se uspostaviti sustav upravljanja zdravljem i sigurnosti na radu \u010dime smo postigli stabilnu razinu zdravlja i sigurnosti na\u0161ih radnika i svih ostalih koji su pod utjecajem rizika na\u0161ih aktivnosti ili proizvoda.<\/p>\n\n\n\n<p>Posve\u0107ujemo pa\u017enju osiguranju rada na siguran na\u010din, o\u010duvanju i unapre\u0111enju zdravlja, kontinuiranoj edukaciji i osposobljavanju na\u0161ih zaposlenika.<\/p>\n\n\n\n<div style=\"height:50px\" aria-hidden=\"true\" class=\"wp-block-spacer\"><\/div>\n\n\n\n<h5 style=\"color: #ED1C24;\">KORPORATIVNA ODGOVORNOST<\/h5>\n\n\n\n<p><\/p>\n\n\n\n<p>Jedan od najva\u017enijih ciljeva je briga o na\u0161im zaposlenicima na na\u010din da po\u0161tujemo razli\u010ditosti, poti\u010demo zdrav na\u010din \u017eivota i promi\u010demo program motivacije i nagra\u0111ivanja zaposlenih.&nbsp;<\/p>\n\n\n\n<p>Prihva\u0107amo eti\u010dka na\u010dela i smjernice eti\u010dkog pona\u0161anja kroz Kodeks poslovnog pona\u0161anja koji se temelji na na\u010delima urednog i savjesnog poslovnog pona\u0161anja te korporativnom sustavu vrijednosti koji u svojem pona\u0161anju po\u0161tuje podjednako Uprava, menad\u017ement i svi na\u0161i zaposlenici.&nbsp;<\/p>\n\n\n\n<p>Odredili smo osnovna na\u010dela i pravila za\u0161tite osobnih podataka sukladno na\u0161im sigurnosnim i poslovnim zahtjevima te sukladno pozitivnim propisima, prihva\u0107enim standardima i utvr\u0111enoj praksi.&nbsp;<\/p>\n\n\n\n<div style=\"height:100px\" aria-hidden=\"true\" class=\"wp-block-spacer\"><\/div>\n","protected":false},"excerpt":{"rendered":"<p>ODR\u017dIVO POSLOVANJE Nastavljaju\u0107i tradiciju proizvodnje elektri\u010dnih kabela i vodi\u010da i nadalje odr\u017eavamo visoku kvalitetu na\u0161ih proizvoda i usluga, kako bi jo\u0161 vi\u0161e u\u010dvrstili svoj polo\u017eaj i ugled na tr\u017ei\u0161tu u zemlji i inozemstvu. U sredi\u0161tu na\u0161e pa\u017enje uvijek su na\u0161i zaposlenici te zahtjevi i \u017eelje kupaca koje nastojimo po konkurentnim cijenama u potpunosti ispuniti. Prepoznate <\/p>\n<div class=\"btn-post\"><a class=\"btn-style d-flex align-items-center\" href=\"https:\/\/elka.hr\/hr\/odrzivost\/\"><i class=\"ms-4 gg-arrow-long-right\"><\/i><\/a><\/div>\n","protected":false},"author":1,"featured_media":0,"parent":0,"menu_order":0,"comment_status":"closed","ping_status":"closed","template":"page-templates\/fullwidthpage.php","meta":{"footnotes":""},"class_list":["post-1751","page","type-page","status-publish","hentry"],"yoast_head":"<!-- This site is optimized with the Yoast SEO plugin v23.5 - https:\/\/yoast.com\/wordpress\/plugins\/seo\/ -->\n<title>Odr\u017eivost - Elka<\/title>\n<meta name=\"robots\" content=\"index, follow, max-snippet:-1, max-image-preview:large, max-video-preview:-1\" \/>\n<link rel=\"canonical\" href=\"https:\/\/elka.hr\/hr\/odrzivost\/\" \/>\n<meta property=\"og:locale\" content=\"hr_HR\" \/>\n<meta property=\"og:type\" content=\"article\" \/>\n<meta property=\"og:title\" content=\"Odr\u017eivost - Elka\" \/>\n<meta property=\"og:description\" content=\"ODR\u017dIVO POSLOVANJE Nastavljaju\u0107i tradiciju proizvodnje elektri\u010dnih kabela i vodi\u010da i nadalje odr\u017eavamo visoku kvalitetu na\u0161ih proizvoda i usluga, kako bi jo\u0161 vi\u0161e u\u010dvrstili svoj polo\u017eaj i ugled na tr\u017ei\u0161tu u zemlji i inozemstvu. U sredi\u0161tu na\u0161e pa\u017enje uvijek su na\u0161i zaposlenici te zahtjevi i \u017eelje kupaca koje nastojimo po konkurentnim cijenama u potpunosti ispuniti. Prepoznate\" \/>\n<meta property=\"og:url\" content=\"https:\/\/elka.hr\/hr\/odrzivost\/\" \/>\n<meta property=\"og:site_name\" content=\"Elka\" \/>\n<meta property=\"article:modified_time\" content=\"2025-04-29T12:07:54+00:00\" \/>\n<meta name=\"twitter:card\" content=\"summary_large_image\" \/>\n<meta name=\"twitter:label1\" content=\"Procijenjeno vrijeme \u010ditanja\" \/>\n\t<meta name=\"twitter:data1\" content=\"2 minute\" \/>\n<script type=\"application\/ld+json\" class=\"yoast-schema-graph\">{\"@context\":\"https:\/\/schema.org\",\"@graph\":[{\"@type\":\"WebPage\",\"@id\":\"https:\/\/elka.hr\/hr\/odrzivost\/\",\"url\":\"https:\/\/elka.hr\/hr\/odrzivost\/\",\"name\":\"Odr\u017eivost - Elka\",\"isPartOf\":{\"@id\":\"https:\/\/elka.hr\/hr\/#website\"},\"datePublished\":\"2024-10-29T07:35:08+00:00\",\"dateModified\":\"2025-04-29T12:07:54+00:00\",\"breadcrumb\":{\"@id\":\"https:\/\/elka.hr\/hr\/odrzivost\/#breadcrumb\"},\"inLanguage\":\"hr\",\"potentialAction\":[{\"@type\":\"ReadAction\",\"target\":[\"https:\/\/elka.hr\/hr\/odrzivost\/\"]}]},{\"@type\":\"BreadcrumbList\",\"@id\":\"https:\/\/elka.hr\/hr\/odrzivost\/#breadcrumb\",\"itemListElement\":[{\"@type\":\"ListItem\",\"position\":1,\"name\":\"Po\u010detna stranica\",\"item\":\"https:\/\/elka.hr\/hr\/\"},{\"@type\":\"ListItem\",\"position\":2,\"name\":\"Odr\u017eivost\"}]},{\"@type\":\"WebSite\",\"@id\":\"https:\/\/elka.hr\/hr\/#website\",\"url\":\"https:\/\/elka.hr\/hr\/\",\"name\":\"Elka\",\"description\":\"\",\"potentialAction\":[{\"@type\":\"SearchAction\",\"target\":{\"@type\":\"EntryPoint\",\"urlTemplate\":\"https:\/\/elka.hr\/hr\/?s={search_term_string}\"},\"query-input\":{\"@type\":\"PropertyValueSpecification\",\"valueRequired\":true,\"valueName\":\"search_term_string\"}}],\"inLanguage\":\"hr\"}]}<\/script>\n<!-- \/ Yoast SEO plugin. -->","yoast_head_json":{"title":"Odr\u017eivost - Elka","robots":{"index":"index","follow":"follow","max-snippet":"max-snippet:-1","max-image-preview":"max-image-preview:large","max-video-preview":"max-video-preview:-1"},"canonical":"https:\/\/elka.hr\/hr\/odrzivost\/","og_locale":"hr_HR","og_type":"article","og_title":"Odr\u017eivost - Elka","og_description":"ODR\u017dIVO POSLOVANJE Nastavljaju\u0107i tradiciju proizvodnje elektri\u010dnih kabela i vodi\u010da i nadalje odr\u017eavamo visoku kvalitetu na\u0161ih proizvoda i usluga, kako bi jo\u0161 vi\u0161e u\u010dvrstili svoj polo\u017eaj i ugled na tr\u017ei\u0161tu u zemlji i inozemstvu. U sredi\u0161tu na\u0161e pa\u017enje uvijek su na\u0161i zaposlenici te zahtjevi i \u017eelje kupaca koje nastojimo po konkurentnim cijenama u potpunosti ispuniti. Prepoznate","og_url":"https:\/\/elka.hr\/hr\/odrzivost\/","og_site_name":"Elka","article_modified_time":"2025-04-29T12:07:54+00:00","twitter_card":"summary_large_image","twitter_misc":{"Procijenjeno vrijeme \u010ditanja":"2 minute"},"schema":{"@context":"https:\/\/schema.org","@graph":[{"@type":"WebPage","@id":"https:\/\/elka.hr\/hr\/odrzivost\/","url":"https:\/\/elka.hr\/hr\/odrzivost\/","name":"Odr\u017eivost - Elka","isPartOf":{"@id":"https:\/\/elka.hr\/hr\/#website"},"datePublished":"2024-10-29T07:35:08+00:00","dateModified":"2025-04-29T12:07:54+00:00","breadcrumb":{"@id":"https:\/\/elka.hr\/hr\/odrzivost\/#breadcrumb"},"inLanguage":"hr","potentialAction":[{"@type":"ReadAction","target":["https:\/\/elka.hr\/hr\/odrzivost\/"]}]},{"@type":"BreadcrumbList","@id":"https:\/\/elka.hr\/hr\/odrzivost\/#breadcrumb","itemListElement":[{"@type":"ListItem","position":1,"name":"Po\u010detna stranica","item":"https:\/\/elka.hr\/hr\/"},{"@type":"ListItem","position":2,"name":"Odr\u017eivost"}]},{"@type":"WebSite","@id":"https:\/\/elka.hr\/hr\/#website","url":"https:\/\/elka.hr\/hr\/","name":"Elka","description":"","potentialAction":[{"@type":"SearchAction","target":{"@type":"EntryPoint","urlTemplate":"https:\/\/elka.hr\/hr\/?s={search_term_string}"},"query-input":{"@type":"PropertyValueSpecification","valueRequired":true,"valueName":"search_term_string"}}],"inLanguage":"hr"}]}},"_links":{"self":[{"href":"https:\/\/elka.hr\/hr\/wp-json\/wp\/v2\/pages\/1751","targetHints":{"allow":["GET"]}}],"collection":[{"href":"https:\/\/elka.hr\/hr\/wp-json\/wp\/v2\/pages"}],"about":[{"href":"https:\/\/elka.hr\/hr\/wp-json\/wp\/v2\/types\/page"}],"author":[{"embeddable":true,"href":"https:\/\/elka.hr\/hr\/wp-json\/wp\/v2\/users\/1"}],"replies":[{"embeddable":true,"href":"https:\/\/elka.hr\/hr\/wp-json\/wp\/v2\/comments?post=1751"}],"version-history":[{"count":22,"href":"https:\/\/elka.hr\/hr\/wp-json\/wp\/v2\/pages\/1751\/revisions"}],"predecessor-version":[{"id":2148,"href":"https:\/\/elka.hr\/hr\/wp-json\/wp\/v2\/pages\/1751\/revisions\/2148"}],"wp:attachment":[{"href":"https:\/\/elka.hr\/hr\/wp-json\/wp\/v2\/media?parent=1751"}],"curies":[{"name":"wp","href":"https:\/\/api.w.org\/{rel}","templated":true}]}}