{"id":147,"date":"2024-08-28T15:31:40","date_gmt":"2024-08-28T13:31:40","guid":{"rendered":"https:\/\/elka.hr\/?page_id=147"},"modified":"2024-10-10T14:12:51","modified_gmt":"2024-10-10T12:12:51","slug":"povijest","status":"publish","type":"page","link":"https:\/\/elka.hr\/hr\/povijest\/","title":{"rendered":"Povijest"},"content":{"rendered":"\n<div class=\"wp-block-cover alignfull hero-section\" style=\"min-height:635px;aspect-ratio:unset;\"><span aria-hidden=\"true\" class=\"wp-block-cover__background has-background-dim-0 has-background-dim\" style=\"background-color:#64575d\"><\/span><img loading=\"lazy\" decoding=\"async\" width=\"2560\" height=\"1183\" class=\"wp-block-cover__image-background wp-image-1486\" alt=\"\" src=\"https:\/\/elka.hr\/wp-content\/uploads\/2024\/09\/ELKA_page_header-scaled.jpeg\" data-object-fit=\"cover\" srcset=\"https:\/\/elka.hr\/wp-content\/uploads\/2024\/09\/ELKA_page_header-scaled.jpeg 2560w, https:\/\/elka.hr\/wp-content\/uploads\/2024\/09\/ELKA_page_header-300x139.jpeg 300w, https:\/\/elka.hr\/wp-content\/uploads\/2024\/09\/ELKA_page_header-1024x473.jpeg 1024w, https:\/\/elka.hr\/wp-content\/uploads\/2024\/09\/ELKA_page_header-768x355.jpeg 768w, https:\/\/elka.hr\/wp-content\/uploads\/2024\/09\/ELKA_page_header-1536x710.jpeg 1536w, https:\/\/elka.hr\/wp-content\/uploads\/2024\/09\/ELKA_page_header-2048x947.jpeg 2048w\" sizes=\"auto, (max-width: 2560px) 100vw, 2560px\" \/><div class=\"wp-block-cover__inner-container is-layout-flow wp-block-cover-is-layout-flow\">\n<h1 class=\"wp-block-heading has-text-align-left h2\"><strong>Povijest i tehnolo\u0161ki razvoj<\/strong><\/h1>\n\n\n\n<p class=\"has-text-align-left p-text\">ELKA, dru\u0161tvo za elektrotehniku i tvornica kabela, osnovana je 1927. godine u Zagrebu. Od tada je tvrtka kontinuirano \u0161irila svoj proizvodni asortiman i tehnolo\u0161ke kapacitete, postaju\u0107i vode\u0107i proizvo\u0111a\u010d kabela u regiji.<\/p>\n<\/div><\/div>\n\n\n\n<div class=\"wp-block-columns mb-0 py-6rem is-layout-flex wp-container-core-columns-is-layout-9d6595d7 wp-block-columns-is-layout-flex\" data-aos=\"flip-left\">\n<div class=\"wp-block-column is-layout-flow wp-block-column-is-layout-flow\" style=\"flex-basis:750px\">\n<div class=\"wp-block-group group-history\"><div class=\"wp-block-group__inner-container is-layout-constrained wp-block-group-is-layout-constrained\">\n<p class=\"color-red \"><strong>Najnovije investicije i projekti<\/strong><\/p>\n\n\n\n<h4 class=\"wp-block-heading color-grey\">2022-2024<\/h4>\n\n\n\n<p class=\"color-grey-light\">Intenzivne investicije u nove strojeve i tehnologije, uklju\u010duju\u0107i strojeve za preradu bakra, izradu pla\u0161ta kabela i ekranizaciju izoliranih \u017eila. Pokrenuti su i projekti izgradnje novog skladi\u0161ta gotove robe (2024) i postavljanje solarne elektrane na obnovljenim krovovima proizvodnih hala (2024).<\/p>\n<\/div><\/div>\n<\/div>\n<\/div>\n\n\n\n<div class=\"wp-block-columns justify-content-end mb-0 pb-6rem is-layout-flex wp-container-core-columns-is-layout-9d6595d7 wp-block-columns-is-layout-flex\" data-aos=\"flip-right\">\n<div class=\"wp-block-column is-layout-flow wp-block-column-is-layout-flow\" style=\"flex-basis:750px\">\n<div class=\"wp-block-group group-history\"><div class=\"wp-block-group__inner-container is-layout-constrained wp-block-group-is-layout-constrained\">\n<p class=\"color-red \"><strong>Nedavna povijest<\/strong><\/p>\n\n\n\n<h4 class=\"wp-block-heading color-grey mt-3 mt-md-5\">2019-2021<\/h4>\n\n\n\n<p class=\"color-grey-light\">Razvoj srednjenaponskih kabela za direktno polaganje u zemlju (2019), postizanje testova o\u010duvanja funkcionalnosti u po\u017earu (2019), te preuzimanje od strane Iskra grupe (2021).<\/p>\n\n\n\n<h4 class=\"wp-block-heading color-grey\">2010-e<\/h4>\n\n\n\n<p class=\"color-grey-light\">Fokus na proizvodnju visokotehnolo\u0161kih kabela, kao \u0161to su samoreguliraju\u0107i grija\u0107i kabeli (2012), certificiranje brodskih bezhalogenih te\u0161ko gorivih kabela (2015), te srednjenaponskih i visokonaponskih kabela (2017).<\/p>\n<\/div><\/div>\n<\/div>\n<\/div>\n\n\n\n<div class=\"wp-block-columns mb-0 pb-6rem is-layout-flex wp-container-core-columns-is-layout-9d6595d7 wp-block-columns-is-layout-flex\" data-aos=\"flip-left\">\n<div class=\"wp-block-column is-layout-flow wp-block-column-is-layout-flow\" style=\"flex-basis:750px\">\n<div class=\"wp-block-group group-history\"><div class=\"wp-block-group__inner-container is-layout-constrained wp-block-group-is-layout-constrained\">\n<p class=\"color-red \"><strong>Po\u010detkom 21. stolje\u0107a:<\/strong><\/p>\n\n\n\n<h4 class=\"wp-block-heading color-grey\">2000-e<\/h4>\n\n\n\n<p class=\"color-grey-light\">Proizvodnja naprednih telekomunikacijskih i energetskih kabela, uklju\u010duju\u0107i kabele za ADSL i VDSL tehnologije (2004), te certificiranje srednjenaponskih i visokonaponskih kabela u VDE i Kema institutima (2010).<\/p>\n<\/div><\/div>\n<\/div>\n<\/div>\n\n\n\n<div class=\"wp-block-columns justify-content-end mb-0 pb-6rem is-layout-flex wp-container-core-columns-is-layout-9d6595d7 wp-block-columns-is-layout-flex\" data-aos=\"flip-right\">\n<div class=\"wp-block-column is-layout-flow wp-block-column-is-layout-flow\" style=\"flex-basis:750px\">\n<div class=\"wp-block-group group-history\"><div class=\"wp-block-group__inner-container is-layout-constrained wp-block-group-is-layout-constrained\">\n<p class=\"color-red \"><strong>Sredinom i krajem 20. stolje\u0107a<\/strong><\/p>\n\n\n\n<h4 class=\"wp-block-heading color-grey mt-3 mt-md-5\">1990-e<\/h4>\n\n\n\n<p class=\"color-grey-light\">Certificiranje sustava upravljanja kvalitetom prema normi ISO 9001 (1997).<\/p>\n\n\n\n<h4 class=\"wp-block-heading color-grey\">1980-e<\/h4>\n\n\n\n<p class=\"color-grey-light\">Proizvodnja svjetlovodnih kabela (1988) i vlastitog umre\u017eivog polietilena (1985).<\/p>\n<\/div><\/div>\n<\/div>\n<\/div>\n\n\n\n<div class=\"wp-block-columns mb-0 pb-6rem is-layout-flex wp-container-core-columns-is-layout-9d6595d7 wp-block-columns-is-layout-flex\" data-aos=\"flip-left\">\n<div class=\"wp-block-column is-layout-flow wp-block-column-is-layout-flow\" style=\"flex-basis:750px\">\n<div class=\"wp-block-group group-history\"><div class=\"wp-block-group__inner-container is-layout-constrained wp-block-group-is-layout-constrained\">\n<p class=\"color-red \"><strong>Rani razvoj i inovacije<\/strong><\/p>\n\n\n\n<h4 class=\"wp-block-heading color-grey mt-3 mt-md-5\">1960-e i 1970-e<\/h4>\n\n\n\n<p class=\"color-grey-light\">Proizvodnja prvog 10 kV energetskog kabela s aluminijskim vodi\u010dem i PVC izolacijom (1966) te po\u010detak proizvodnje mikrokabela i specijalnih kabela (1972). Uvo\u0111enje proizvodnje niskonaponskih i srednjenaponskih kabela izoliranih umre\u017eenim polietilenom (1977).<\/p>\n\n\n\n<h4 class=\"wp-block-heading color-grey\">1940-e i 1950-e<\/h4>\n\n\n\n<p class=\"color-grey-light\">Uvo\u0111enje aluminija za vodi\u010de energetskih kabela (1940) i proizvodnja niskonaponskih vodova i kabela izoliranih termoplasti\u010dnim materijalima (1951).<\/p>\n<\/div><\/div>\n<\/div>\n<\/div>\n\n\n\n<div class=\"wp-block-columns  bg-grey border-1rem p-4 p-md-5 mb-6rem is-layout-flex wp-container-core-columns-is-layout-9d6595d7 wp-block-columns-is-layout-flex\">\n<div class=\"wp-block-column is-layout-flow wp-block-column-is-layout-flow\">\n<div class=\"wp-block-group group-history-contact\"><div class=\"wp-block-group__inner-container is-layout-constrained wp-block-group-is-layout-constrained\">\n<h5 class=\"wp-block-heading has-text-align-center color-grey-dark px-3\"><strong>ELKA je kroz svoju povijest dokazala sposobnost prilagodbe i inovacije kontinuirano unaprje\u0111uju\u0107i svoje proizvode i proizvodne procese kako bi zadovoljila sve ve\u0107e zahtjeve tr\u017ei\u0161ta. Danas, kao dio Iskra grupe, nastavlja ulagati u nove tehnologije i pro\u0161irivati svoje kapacitete.<\/strong><\/h5>\n\n\n\n<h5 class=\"wp-block-heading has-text-align-center color-grey-light my-4\">Obratite nam se s povjerenjem, na\u0161i stru\u010dnjaci rado \u0107e Vam dati odgovor na svako Va\u0161e pitanje.<\/h5>\n\n\n\n<div class=\"wp-block-buttons is-content-justification-center is-layout-flex wp-container-core-buttons-is-layout-16018d1d wp-block-buttons-is-layout-flex\">\n<div class=\"wp-block-button\"><a class=\"wp-block-button__link wp-element-button\" href=\"https:\/\/elka.hr\/kontakt\/\">Kontaktirajte nas<\/a><\/div>\n<\/div>\n<\/div><\/div>\n<\/div>\n<\/div>\n","protected":false},"excerpt":{"rendered":"<p>Najnovije investicije i projekti 2022-2024 Intenzivne investicije u nove strojeve i tehnologije, uklju\u010duju\u0107i strojeve za preradu bakra, izradu pla\u0161ta kabela i ekranizaciju izoliranih \u017eila. Pokrenuti su i projekti izgradnje novog skladi\u0161ta gotove robe (2024) i postavljanje solarne elektrane na obnovljenim krovovima proizvodnih hala (2024). Nedavna povijest 2019-2021 Razvoj srednjenaponskih kabela za direktno polaganje u zemlju <\/p>\n<div class=\"btn-post\"><a class=\"btn-style d-flex align-items-center\" href=\"https:\/\/elka.hr\/hr\/povijest\/\"><i class=\"ms-4 gg-arrow-long-right\"><\/i><\/a><\/div>\n","protected":false},"author":1,"featured_media":0,"parent":0,"menu_order":0,"comment_status":"closed","ping_status":"closed","template":"page-templates\/basic.php","meta":{"footnotes":""},"class_list":["post-147","page","type-page","status-publish","hentry"],"yoast_head":"<!-- This site is optimized with the Yoast SEO plugin v23.5 - https:\/\/yoast.com\/wordpress\/plugins\/seo\/ -->\n<title>Povijest - ELKA<\/title>\n<meta name=\"description\" content=\"Istra\u017eite bogatu povijest Elke koja kroz svoje djelovanje oduvijek sudjeluje u oblikovanju svijetle budu\u0107nosti elektroindustrije.\" \/>\n<meta name=\"robots\" content=\"index, follow, max-snippet:-1, max-image-preview:large, max-video-preview:-1\" \/>\n<link rel=\"canonical\" href=\"https:\/\/elka.hr\/hr\/povijest\/\" \/>\n<meta property=\"og:locale\" content=\"hr_HR\" \/>\n<meta property=\"og:type\" content=\"article\" \/>\n<meta property=\"og:title\" content=\"Povijest - ELKA\" \/>\n<meta property=\"og:description\" content=\"Istra\u017eite bogatu povijest Elke koja kroz svoje djelovanje oduvijek sudjeluje u oblikovanju svijetle budu\u0107nosti elektroindustrije.\" \/>\n<meta property=\"og:url\" content=\"https:\/\/elka.hr\/hr\/povijest\/\" \/>\n<meta property=\"og:site_name\" content=\"Elka\" \/>\n<meta property=\"article:modified_time\" content=\"2024-10-10T12:12:51+00:00\" \/>\n<meta property=\"og:image\" content=\"https:\/\/elka.hr\/wp-content\/uploads\/2024\/09\/ELKA_page_header-scaled.jpeg\" \/>\n<meta name=\"twitter:card\" content=\"summary_large_image\" \/>\n<meta name=\"twitter:label1\" content=\"Procijenjeno vrijeme \u010ditanja\" \/>\n\t<meta name=\"twitter:data1\" content=\"2 minute\" \/>\n<script type=\"application\/ld+json\" class=\"yoast-schema-graph\">{\"@context\":\"https:\/\/schema.org\",\"@graph\":[{\"@type\":\"WebPage\",\"@id\":\"https:\/\/elka.hr\/hr\/povijest\/\",\"url\":\"https:\/\/elka.hr\/hr\/povijest\/\",\"name\":\"Povijest - ELKA\",\"isPartOf\":{\"@id\":\"https:\/\/elka.hr\/hr\/#website\"},\"primaryImageOfPage\":{\"@id\":\"https:\/\/elka.hr\/hr\/povijest\/#primaryimage\"},\"image\":{\"@id\":\"https:\/\/elka.hr\/hr\/povijest\/#primaryimage\"},\"thumbnailUrl\":\"https:\/\/elka.hr\/wp-content\/uploads\/2024\/09\/ELKA_page_header-scaled.jpeg\",\"datePublished\":\"2024-08-28T13:31:40+00:00\",\"dateModified\":\"2024-10-10T12:12:51+00:00\",\"description\":\"Istra\u017eite bogatu povijest Elke koja kroz svoje djelovanje oduvijek sudjeluje u oblikovanju svijetle budu\u0107nosti elektroindustrije.\",\"breadcrumb\":{\"@id\":\"https:\/\/elka.hr\/hr\/povijest\/#breadcrumb\"},\"inLanguage\":\"hr\",\"potentialAction\":[{\"@type\":\"ReadAction\",\"target\":[\"https:\/\/elka.hr\/hr\/povijest\/\"]}]},{\"@type\":\"ImageObject\",\"inLanguage\":\"hr\",\"@id\":\"https:\/\/elka.hr\/hr\/povijest\/#primaryimage\",\"url\":\"https:\/\/elka.hr\/wp-content\/uploads\/2024\/09\/ELKA_page_header-scaled.jpeg\",\"contentUrl\":\"https:\/\/elka.hr\/wp-content\/uploads\/2024\/09\/ELKA_page_header-scaled.jpeg\"},{\"@type\":\"BreadcrumbList\",\"@id\":\"https:\/\/elka.hr\/hr\/povijest\/#breadcrumb\",\"itemListElement\":[{\"@type\":\"ListItem\",\"position\":1,\"name\":\"Po\u010detna stranica\",\"item\":\"https:\/\/elka.hr\/hr\/\"},{\"@type\":\"ListItem\",\"position\":2,\"name\":\"Povijest\"}]},{\"@type\":\"WebSite\",\"@id\":\"https:\/\/elka.hr\/hr\/#website\",\"url\":\"https:\/\/elka.hr\/hr\/\",\"name\":\"Elka\",\"description\":\"\",\"potentialAction\":[{\"@type\":\"SearchAction\",\"target\":{\"@type\":\"EntryPoint\",\"urlTemplate\":\"https:\/\/elka.hr\/hr\/?s={search_term_string}\"},\"query-input\":{\"@type\":\"PropertyValueSpecification\",\"valueRequired\":true,\"valueName\":\"search_term_string\"}}],\"inLanguage\":\"hr\"}]}<\/script>\n<!-- \/ Yoast SEO plugin. -->","yoast_head_json":{"title":"Povijest - ELKA","description":"Istra\u017eite bogatu povijest Elke koja kroz svoje djelovanje oduvijek sudjeluje u oblikovanju svijetle budu\u0107nosti elektroindustrije.","robots":{"index":"index","follow":"follow","max-snippet":"max-snippet:-1","max-image-preview":"max-image-preview:large","max-video-preview":"max-video-preview:-1"},"canonical":"https:\/\/elka.hr\/hr\/povijest\/","og_locale":"hr_HR","og_type":"article","og_title":"Povijest - ELKA","og_description":"Istra\u017eite bogatu povijest Elke koja kroz svoje djelovanje oduvijek sudjeluje u oblikovanju svijetle budu\u0107nosti elektroindustrije.","og_url":"https:\/\/elka.hr\/hr\/povijest\/","og_site_name":"Elka","article_modified_time":"2024-10-10T12:12:51+00:00","og_image":[{"url":"https:\/\/elka.hr\/wp-content\/uploads\/2024\/09\/ELKA_page_header-scaled.jpeg"}],"twitter_card":"summary_large_image","twitter_misc":{"Procijenjeno vrijeme \u010ditanja":"2 minute"},"schema":{"@context":"https:\/\/schema.org","@graph":[{"@type":"WebPage","@id":"https:\/\/elka.hr\/hr\/povijest\/","url":"https:\/\/elka.hr\/hr\/povijest\/","name":"Povijest - ELKA","isPartOf":{"@id":"https:\/\/elka.hr\/hr\/#website"},"primaryImageOfPage":{"@id":"https:\/\/elka.hr\/hr\/povijest\/#primaryimage"},"image":{"@id":"https:\/\/elka.hr\/hr\/povijest\/#primaryimage"},"thumbnailUrl":"https:\/\/elka.hr\/wp-content\/uploads\/2024\/09\/ELKA_page_header-scaled.jpeg","datePublished":"2024-08-28T13:31:40+00:00","dateModified":"2024-10-10T12:12:51+00:00","description":"Istra\u017eite bogatu povijest Elke koja kroz svoje djelovanje oduvijek sudjeluje u oblikovanju svijetle budu\u0107nosti elektroindustrije.","breadcrumb":{"@id":"https:\/\/elka.hr\/hr\/povijest\/#breadcrumb"},"inLanguage":"hr","potentialAction":[{"@type":"ReadAction","target":["https:\/\/elka.hr\/hr\/povijest\/"]}]},{"@type":"ImageObject","inLanguage":"hr","@id":"https:\/\/elka.hr\/hr\/povijest\/#primaryimage","url":"https:\/\/elka.hr\/wp-content\/uploads\/2024\/09\/ELKA_page_header-scaled.jpeg","contentUrl":"https:\/\/elka.hr\/wp-content\/uploads\/2024\/09\/ELKA_page_header-scaled.jpeg"},{"@type":"BreadcrumbList","@id":"https:\/\/elka.hr\/hr\/povijest\/#breadcrumb","itemListElement":[{"@type":"ListItem","position":1,"name":"Po\u010detna stranica","item":"https:\/\/elka.hr\/hr\/"},{"@type":"ListItem","position":2,"name":"Povijest"}]},{"@type":"WebSite","@id":"https:\/\/elka.hr\/hr\/#website","url":"https:\/\/elka.hr\/hr\/","name":"Elka","description":"","potentialAction":[{"@type":"SearchAction","target":{"@type":"EntryPoint","urlTemplate":"https:\/\/elka.hr\/hr\/?s={search_term_string}"},"query-input":{"@type":"PropertyValueSpecification","valueRequired":true,"valueName":"search_term_string"}}],"inLanguage":"hr"}]}},"_links":{"self":[{"href":"https:\/\/elka.hr\/hr\/wp-json\/wp\/v2\/pages\/147","targetHints":{"allow":["GET"]}}],"collection":[{"href":"https:\/\/elka.hr\/hr\/wp-json\/wp\/v2\/pages"}],"about":[{"href":"https:\/\/elka.hr\/hr\/wp-json\/wp\/v2\/types\/page"}],"author":[{"embeddable":true,"href":"https:\/\/elka.hr\/hr\/wp-json\/wp\/v2\/users\/1"}],"replies":[{"embeddable":true,"href":"https:\/\/elka.hr\/hr\/wp-json\/wp\/v2\/comments?post=147"}],"version-history":[{"count":69,"href":"https:\/\/elka.hr\/hr\/wp-json\/wp\/v2\/pages\/147\/revisions"}],"predecessor-version":[{"id":1573,"href":"https:\/\/elka.hr\/hr\/wp-json\/wp\/v2\/pages\/147\/revisions\/1573"}],"wp:attachment":[{"href":"https:\/\/elka.hr\/hr\/wp-json\/wp\/v2\/media?parent=147"}],"curies":[{"name":"wp","href":"https:\/\/api.w.org\/{rel}","templated":true}]}}